{"id":924,"date":"2023-11-06T16:35:00","date_gmt":"2023-11-06T09:35:00","guid":{"rendered":"https:\/\/traquantaman.vn\/?post_type=product&#038;p=924"},"modified":"2024-05-09T15:53:25","modified_gmt":"2024-05-09T08:53:25","slug":"tra-pho-nhi-chin-dang-gach-dong-hop-2003-muc-tu-250g","status":"publish","type":"product","link":"https:\/\/traquantaman.vn\/index.php\/product\/tra-pho-nhi-chin-dang-gach-dong-hop-2003-muc-tu-250g\/","title":{"rendered":"Tr\u00e0 ph\u1ed5 nh\u0129 ch\u00edn d\u1ea1ng g\u1ea1ch \u0111\u00f3ng h\u1ed9p 2003 \u2013 M\u1ee5c T\u1eed \u2013 250g"},"content":{"rendered":"<p><img loading=\"lazy\" decoding=\"async\" class=\"alignnone size-full wp-image-935\" src=\"https:\/\/traquantaman.vn\/wp-content\/uploads\/2023\/11\/Tra-pho-nhi-chin-dang-gach-dong-hop-2003-\u2013-Muc-Tu-\u2013-250g-7.jpg\" alt=\"\" width=\"750\" height=\"550\" srcset=\"https:\/\/traquantaman.vn\/wp-content\/uploads\/2023\/11\/Tra-pho-nhi-chin-dang-gach-dong-hop-2003-\u2013-Muc-Tu-\u2013-250g-7.jpg 750w, https:\/\/traquantaman.vn\/wp-content\/uploads\/2023\/11\/Tra-pho-nhi-chin-dang-gach-dong-hop-2003-\u2013-Muc-Tu-\u2013-250g-7-300x220.jpg 300w, https:\/\/traquantaman.vn\/wp-content\/uploads\/2023\/11\/Tra-pho-nhi-chin-dang-gach-dong-hop-2003-\u2013-Muc-Tu-\u2013-250g-7-600x440.jpg 600w\" sizes=\"auto, (max-width: 750px) 100vw, 750px\" \/> <img loading=\"lazy\" decoding=\"async\" class=\"alignnone size-full wp-image-933\" src=\"https:\/\/traquantaman.vn\/wp-content\/uploads\/2023\/11\/Tra-pho-nhi-chin-dang-gach-dong-hop-2003-\u2013-Muc-Tu-\u2013-250g-5.jpg\" alt=\"\" width=\"750\" height=\"550\" srcset=\"https:\/\/traquantaman.vn\/wp-content\/uploads\/2023\/11\/Tra-pho-nhi-chin-dang-gach-dong-hop-2003-\u2013-Muc-Tu-\u2013-250g-5.jpg 750w, https:\/\/traquantaman.vn\/wp-content\/uploads\/2023\/11\/Tra-pho-nhi-chin-dang-gach-dong-hop-2003-\u2013-Muc-Tu-\u2013-250g-5-300x220.jpg 300w, https:\/\/traquantaman.vn\/wp-content\/uploads\/2023\/11\/Tra-pho-nhi-chin-dang-gach-dong-hop-2003-\u2013-Muc-Tu-\u2013-250g-5-600x440.jpg 600w\" sizes=\"auto, (max-width: 750px) 100vw, 750px\" \/> <img loading=\"lazy\" decoding=\"async\" class=\"alignnone size-full wp-image-936\" src=\"https:\/\/traquantaman.vn\/wp-content\/uploads\/2023\/11\/Tra-pho-nhi-chin-dang-gach-dong-hop-2003-\u2013-Muc-Tu-\u2013-250g-8.jpg\" alt=\"\" width=\"750\" height=\"550\" srcset=\"https:\/\/traquantaman.vn\/wp-content\/uploads\/2023\/11\/Tra-pho-nhi-chin-dang-gach-dong-hop-2003-\u2013-Muc-Tu-\u2013-250g-8.jpg 750w, https:\/\/traquantaman.vn\/wp-content\/uploads\/2023\/11\/Tra-pho-nhi-chin-dang-gach-dong-hop-2003-\u2013-Muc-Tu-\u2013-250g-8-300x220.jpg 300w, https:\/\/traquantaman.vn\/wp-content\/uploads\/2023\/11\/Tra-pho-nhi-chin-dang-gach-dong-hop-2003-\u2013-Muc-Tu-\u2013-250g-8-600x440.jpg 600w\" sizes=\"auto, (max-width: 750px) 100vw, 750px\" \/> <img loading=\"lazy\" decoding=\"async\" class=\"alignnone size-full wp-image-929\" src=\"https:\/\/traquantaman.vn\/wp-content\/uploads\/2023\/11\/Tra-pho-nhi-chin-dang-gach-dong-hop-2003-\u2013-Muc-Tu-\u2013-250g-1.jpg\" alt=\"\" width=\"750\" height=\"550\" srcset=\"https:\/\/traquantaman.vn\/wp-content\/uploads\/2023\/11\/Tra-pho-nhi-chin-dang-gach-dong-hop-2003-\u2013-Muc-Tu-\u2013-250g-1.jpg 750w, https:\/\/traquantaman.vn\/wp-content\/uploads\/2023\/11\/Tra-pho-nhi-chin-dang-gach-dong-hop-2003-\u2013-Muc-Tu-\u2013-250g-1-300x220.jpg 300w, https:\/\/traquantaman.vn\/wp-content\/uploads\/2023\/11\/Tra-pho-nhi-chin-dang-gach-dong-hop-2003-\u2013-Muc-Tu-\u2013-250g-1-600x440.jpg 600w\" sizes=\"auto, (max-width: 750px) 100vw, 750px\" \/> <img loading=\"lazy\" decoding=\"async\" class=\"alignnone size-full wp-image-934\" src=\"https:\/\/traquantaman.vn\/wp-content\/uploads\/2023\/11\/Tra-pho-nhi-chin-dang-gach-dong-hop-2003-\u2013-Muc-Tu-\u2013-250g-6.jpg\" alt=\"\" width=\"750\" height=\"550\" srcset=\"https:\/\/traquantaman.vn\/wp-content\/uploads\/2023\/11\/Tra-pho-nhi-chin-dang-gach-dong-hop-2003-\u2013-Muc-Tu-\u2013-250g-6.jpg 750w, https:\/\/traquantaman.vn\/wp-content\/uploads\/2023\/11\/Tra-pho-nhi-chin-dang-gach-dong-hop-2003-\u2013-Muc-Tu-\u2013-250g-6-300x220.jpg 300w, https:\/\/traquantaman.vn\/wp-content\/uploads\/2023\/11\/Tra-pho-nhi-chin-dang-gach-dong-hop-2003-\u2013-Muc-Tu-\u2013-250g-6-600x440.jpg 600w\" sizes=\"auto, (max-width: 750px) 100vw, 750px\" \/> <img loading=\"lazy\" decoding=\"async\" class=\"alignnone size-full wp-image-932\" src=\"https:\/\/traquantaman.vn\/wp-content\/uploads\/2023\/11\/Tra-pho-nhi-chin-dang-gach-dong-hop-2003-\u2013-Muc-Tu-\u2013-250g-4.jpg\" alt=\"\" width=\"750\" height=\"550\" srcset=\"https:\/\/traquantaman.vn\/wp-content\/uploads\/2023\/11\/Tra-pho-nhi-chin-dang-gach-dong-hop-2003-\u2013-Muc-Tu-\u2013-250g-4.jpg 750w, https:\/\/traquantaman.vn\/wp-content\/uploads\/2023\/11\/Tra-pho-nhi-chin-dang-gach-dong-hop-2003-\u2013-Muc-Tu-\u2013-250g-4-300x220.jpg 300w, https:\/\/traquantaman.vn\/wp-content\/uploads\/2023\/11\/Tra-pho-nhi-chin-dang-gach-dong-hop-2003-\u2013-Muc-Tu-\u2013-250g-4-600x440.jpg 600w\" sizes=\"auto, (max-width: 750px) 100vw, 750px\" \/> <img loading=\"lazy\" decoding=\"async\" class=\"alignnone size-full wp-image-930\" src=\"https:\/\/traquantaman.vn\/wp-content\/uploads\/2023\/11\/Tra-pho-nhi-chin-dang-gach-dong-hop-2003-\u2013-Muc-Tu-\u2013-250g-2.jpg\" alt=\"\" width=\"750\" height=\"550\" srcset=\"https:\/\/traquantaman.vn\/wp-content\/uploads\/2023\/11\/Tra-pho-nhi-chin-dang-gach-dong-hop-2003-\u2013-Muc-Tu-\u2013-250g-2.jpg 750w, https:\/\/traquantaman.vn\/wp-content\/uploads\/2023\/11\/Tra-pho-nhi-chin-dang-gach-dong-hop-2003-\u2013-Muc-Tu-\u2013-250g-2-300x220.jpg 300w, https:\/\/traquantaman.vn\/wp-content\/uploads\/2023\/11\/Tra-pho-nhi-chin-dang-gach-dong-hop-2003-\u2013-Muc-Tu-\u2013-250g-2-600x440.jpg 600w\" sizes=\"auto, (max-width: 750px) 100vw, 750px\" \/> <img loading=\"lazy\" decoding=\"async\" class=\"alignnone size-full wp-image-931\" src=\"https:\/\/traquantaman.vn\/wp-content\/uploads\/2023\/11\/Tra-pho-nhi-chin-dang-gach-dong-hop-2003-\u2013-Muc-Tu-\u2013-250g-3.jpg\" alt=\"\" width=\"750\" height=\"550\" srcset=\"https:\/\/traquantaman.vn\/wp-content\/uploads\/2023\/11\/Tra-pho-nhi-chin-dang-gach-dong-hop-2003-\u2013-Muc-Tu-\u2013-250g-3.jpg 750w, https:\/\/traquantaman.vn\/wp-content\/uploads\/2023\/11\/Tra-pho-nhi-chin-dang-gach-dong-hop-2003-\u2013-Muc-Tu-\u2013-250g-3-300x220.jpg 300w, https:\/\/traquantaman.vn\/wp-content\/uploads\/2023\/11\/Tra-pho-nhi-chin-dang-gach-dong-hop-2003-\u2013-Muc-Tu-\u2013-250g-3-600x440.jpg 600w\" sizes=\"auto, (max-width: 750px) 100vw, 750px\" \/><\/p>\n","protected":false},"excerpt":{"rendered":"<p><strong>[Th\u01b0\u01a1ng hi\u1ec7u]: M\u1ee5c t\u1eed<\/strong><\/p>\n<p><strong>[Quy tr\u00ecnh s\u1ea3n xu\u1ea5t]: \u1ee6 ch\u00edn<\/strong><\/p>\n<p><strong>[N\u0103m s\u1ea3n xu\u1ea5t]: <span class=\"\">S\u1ea3n xu\u1ea5t n\u0103m 2003, \u0111\u00f3ng g\u00f3i n\u0103m 2018<\/span><\/strong><\/p>\n<p><strong>[Quy c\u00e1ch]: \u0110\u00f3ng h\u1ed9p 250gr<\/strong><\/p>\n<p><strong>[Gi\u1ea5y ph\u00e9p s\u1ea3n xu\u1ea5t] SC11453011119542<\/strong><\/p>\n<p><strong>[Nguy\u00ean li\u1ec7u]: Tr\u00e0 xanh ph\u01a1i n\u1eafng c\u00f9ng v\u1edbi s\u1ef1 k\u1ebft t\u1ee7a c\u1ee7a th\u1eddi gian, th\u1ec3 hi\u1ec7n ho\u00e0n to\u00e0n h\u01b0\u01a1ng v\u1ecb c\u1ee7a tr\u00e0 ph\u1ed5 nh\u0129<\/strong><strong>. V\u1edbi s\u1ef1 r\u1eeda t\u1ed9i c\u1ee7a th\u1eddi gian, vi\u00ean g\u1ea1ch v\u00e0ng nh\u1ecf c\u00f3 m\u1ed9t m\u00e0u s\u1eafc \u0111\u1eb9p h\u01a1n, n\u01b0\u1edbc tr\u00e0 c\u00f3 m\u00e0u \u0111\u1ecf \u0111\u1eadm v\u00e0 m\u00e0u trong m\u1edd. Tr\u00e0 c\u00f3 t\u00ednh ch\u1ea5t d\u1ecbu nh\u1eb9.<\/strong><\/p>\n<p><strong>[Xu\u1ea5t x\u1ee9]: M\u1ea1nh H\u1ea3i, V\u00e2n Nam<\/strong><\/p>\n","protected":false},"featured_media":925,"comment_status":"open","ping_status":"closed","template":"","meta":[],"product_cat":[42,31,21],"product_tag":[],"class_list":{"0":"post-924","1":"product","2":"type-product","3":"status-publish","4":"has-post-thumbnail","6":"product_cat-muc-tu-chat-luong-va-gia-tot","7":"product_cat-tra-pho-nhi","8":"product_cat-tra-hao-hang","10":"first","11":"instock","12":"shipping-taxable","13":"purchasable","14":"product-type-simple"},"_links":{"self":[{"href":"https:\/\/traquantaman.vn\/index.php\/wp-json\/wp\/v2\/product\/924","targetHints":{"allow":["GET"]}}],"collection":[{"href":"https:\/\/traquantaman.vn\/index.php\/wp-json\/wp\/v2\/product"}],"about":[{"href":"https:\/\/traquantaman.vn\/index.php\/wp-json\/wp\/v2\/types\/product"}],"replies":[{"embeddable":true,"href":"https:\/\/traquantaman.vn\/index.php\/wp-json\/wp\/v2\/comments?post=924"}],"wp:featuredmedia":[{"embeddable":true,"href":"https:\/\/traquantaman.vn\/index.php\/wp-json\/wp\/v2\/media\/925"}],"wp:attachment":[{"href":"https:\/\/traquantaman.vn\/index.php\/wp-json\/wp\/v2\/media?parent=924"}],"wp:term":[{"taxonomy":"product_cat","embeddable":true,"href":"https:\/\/traquantaman.vn\/index.php\/wp-json\/wp\/v2\/product_cat?post=924"},{"taxonomy":"product_tag","embeddable":true,"href":"https:\/\/traquantaman.vn\/index.php\/wp-json\/wp\/v2\/product_tag?post=924"}],"curies":[{"name":"wp","href":"https:\/\/api.w.org\/{rel}","templated":true}]}}