{"id":640,"date":"2023-09-12T11:54:59","date_gmt":"2023-09-12T04:54:59","guid":{"rendered":"https:\/\/traquantaman.vn\/?post_type=product&#038;p=640"},"modified":"2024-05-10T12:55:12","modified_gmt":"2024-05-10T05:55:12","slug":"bo-am-chen-gom-men-mau-tien-hac","status":"publish","type":"product","link":"https:\/\/traquantaman.vn\/index.php\/product\/bo-am-chen-gom-men-mau-tien-hac\/","title":{"rendered":"B\u1ed9 ch\u00e9n g\u1ed1m men m\u00e0u Ti\u00ean H\u1ea1c"},"content":{"rendered":"<p><img loading=\"lazy\" decoding=\"async\" class=\"alignnone size-full wp-image-653\" src=\"https:\/\/traquantaman.vn\/wp-content\/uploads\/2023\/09\/bo-am-chen-gom-men-mau-tien-hac-05.jpg\" alt=\"\" width=\"790\" height=\"1208\" srcset=\"https:\/\/traquantaman.vn\/wp-content\/uploads\/2023\/09\/bo-am-chen-gom-men-mau-tien-hac-05.jpg 790w, https:\/\/traquantaman.vn\/wp-content\/uploads\/2023\/09\/bo-am-chen-gom-men-mau-tien-hac-05-196x300.jpg 196w, https:\/\/traquantaman.vn\/wp-content\/uploads\/2023\/09\/bo-am-chen-gom-men-mau-tien-hac-05-670x1024.jpg 670w, https:\/\/traquantaman.vn\/wp-content\/uploads\/2023\/09\/bo-am-chen-gom-men-mau-tien-hac-05-768x1174.jpg 768w, https:\/\/traquantaman.vn\/wp-content\/uploads\/2023\/09\/bo-am-chen-gom-men-mau-tien-hac-05-600x917.jpg 600w\" sizes=\"auto, (max-width: 790px) 100vw, 790px\" \/><img loading=\"lazy\" decoding=\"async\" class=\"alignnone size-full wp-image-645\" src=\"https:\/\/traquantaman.vn\/wp-content\/uploads\/2023\/09\/bo-am-chen-gom-men-mau-tien-hac-13.jpg\" alt=\"\" width=\"790\" height=\"1196\" srcset=\"https:\/\/traquantaman.vn\/wp-content\/uploads\/2023\/09\/bo-am-chen-gom-men-mau-tien-hac-13.jpg 790w, https:\/\/traquantaman.vn\/wp-content\/uploads\/2023\/09\/bo-am-chen-gom-men-mau-tien-hac-13-198x300.jpg 198w, https:\/\/traquantaman.vn\/wp-content\/uploads\/2023\/09\/bo-am-chen-gom-men-mau-tien-hac-13-676x1024.jpg 676w, https:\/\/traquantaman.vn\/wp-content\/uploads\/2023\/09\/bo-am-chen-gom-men-mau-tien-hac-13-768x1163.jpg 768w, https:\/\/traquantaman.vn\/wp-content\/uploads\/2023\/09\/bo-am-chen-gom-men-mau-tien-hac-13-600x908.jpg 600w\" sizes=\"auto, (max-width: 790px) 100vw, 790px\" \/> <img loading=\"lazy\" decoding=\"async\" class=\"alignnone size-full wp-image-654\" src=\"https:\/\/traquantaman.vn\/wp-content\/uploads\/2023\/09\/bo-am-chen-gom-men-mau-tien-hac-04.jpg\" alt=\"\" width=\"790\" height=\"1196\" srcset=\"https:\/\/traquantaman.vn\/wp-content\/uploads\/2023\/09\/bo-am-chen-gom-men-mau-tien-hac-04.jpg 790w, https:\/\/traquantaman.vn\/wp-content\/uploads\/2023\/09\/bo-am-chen-gom-men-mau-tien-hac-04-198x300.jpg 198w, https:\/\/traquantaman.vn\/wp-content\/uploads\/2023\/09\/bo-am-chen-gom-men-mau-tien-hac-04-676x1024.jpg 676w, https:\/\/traquantaman.vn\/wp-content\/uploads\/2023\/09\/bo-am-chen-gom-men-mau-tien-hac-04-768x1163.jpg 768w, https:\/\/traquantaman.vn\/wp-content\/uploads\/2023\/09\/bo-am-chen-gom-men-mau-tien-hac-04-600x908.jpg 600w\" sizes=\"auto, (max-width: 790px) 100vw, 790px\" \/> <img loading=\"lazy\" decoding=\"async\" class=\"alignnone size-full wp-image-649\" src=\"https:\/\/traquantaman.vn\/wp-content\/uploads\/2023\/09\/bo-am-chen-gom-men-mau-tien-hac-09.jpg\" alt=\"\" width=\"790\" height=\"1200\" srcset=\"https:\/\/traquantaman.vn\/wp-content\/uploads\/2023\/09\/bo-am-chen-gom-men-mau-tien-hac-09.jpg 790w, https:\/\/traquantaman.vn\/wp-content\/uploads\/2023\/09\/bo-am-chen-gom-men-mau-tien-hac-09-198x300.jpg 198w, https:\/\/traquantaman.vn\/wp-content\/uploads\/2023\/09\/bo-am-chen-gom-men-mau-tien-hac-09-674x1024.jpg 674w, https:\/\/traquantaman.vn\/wp-content\/uploads\/2023\/09\/bo-am-chen-gom-men-mau-tien-hac-09-768x1167.jpg 768w, https:\/\/traquantaman.vn\/wp-content\/uploads\/2023\/09\/bo-am-chen-gom-men-mau-tien-hac-09-600x911.jpg 600w\" sizes=\"auto, (max-width: 790px) 100vw, 790px\" \/>\u00a0<img loading=\"lazy\" decoding=\"async\" class=\"alignnone size-full wp-image-657\" src=\"https:\/\/traquantaman.vn\/wp-content\/uploads\/2023\/09\/bo-am-chen-gom-men-mau-tien-hac-01.jpg\" alt=\"\" width=\"790\" height=\"1265\" srcset=\"https:\/\/traquantaman.vn\/wp-content\/uploads\/2023\/09\/bo-am-chen-gom-men-mau-tien-hac-01.jpg 790w, https:\/\/traquantaman.vn\/wp-content\/uploads\/2023\/09\/bo-am-chen-gom-men-mau-tien-hac-01-187x300.jpg 187w, https:\/\/traquantaman.vn\/wp-content\/uploads\/2023\/09\/bo-am-chen-gom-men-mau-tien-hac-01-639x1024.jpg 639w, https:\/\/traquantaman.vn\/wp-content\/uploads\/2023\/09\/bo-am-chen-gom-men-mau-tien-hac-01-768x1230.jpg 768w, https:\/\/traquantaman.vn\/wp-content\/uploads\/2023\/09\/bo-am-chen-gom-men-mau-tien-hac-01-600x961.jpg 600w\" sizes=\"auto, (max-width: 790px) 100vw, 790px\" \/> \u00a0<img loading=\"lazy\" decoding=\"async\" class=\"alignnone size-full wp-image-655\" src=\"https:\/\/traquantaman.vn\/wp-content\/uploads\/2023\/09\/bo-am-chen-gom-men-mau-tien-hac-03.jpg\" alt=\"\" width=\"790\" height=\"1203\" srcset=\"https:\/\/traquantaman.vn\/wp-content\/uploads\/2023\/09\/bo-am-chen-gom-men-mau-tien-hac-03.jpg 790w, https:\/\/traquantaman.vn\/wp-content\/uploads\/2023\/09\/bo-am-chen-gom-men-mau-tien-hac-03-197x300.jpg 197w, https:\/\/traquantaman.vn\/wp-content\/uploads\/2023\/09\/bo-am-chen-gom-men-mau-tien-hac-03-672x1024.jpg 672w, https:\/\/traquantaman.vn\/wp-content\/uploads\/2023\/09\/bo-am-chen-gom-men-mau-tien-hac-03-768x1169.jpg 768w, https:\/\/traquantaman.vn\/wp-content\/uploads\/2023\/09\/bo-am-chen-gom-men-mau-tien-hac-03-600x914.jpg 600w\" sizes=\"auto, (max-width: 790px) 100vw, 790px\" \/> <img loading=\"lazy\" decoding=\"async\" class=\"alignnone size-full wp-image-650\" src=\"https:\/\/traquantaman.vn\/wp-content\/uploads\/2023\/09\/bo-am-chen-gom-men-mau-tien-hac-08.jpg\" alt=\"\" width=\"790\" height=\"1200\" srcset=\"https:\/\/traquantaman.vn\/wp-content\/uploads\/2023\/09\/bo-am-chen-gom-men-mau-tien-hac-08.jpg 790w, https:\/\/traquantaman.vn\/wp-content\/uploads\/2023\/09\/bo-am-chen-gom-men-mau-tien-hac-08-198x300.jpg 198w, https:\/\/traquantaman.vn\/wp-content\/uploads\/2023\/09\/bo-am-chen-gom-men-mau-tien-hac-08-674x1024.jpg 674w, https:\/\/traquantaman.vn\/wp-content\/uploads\/2023\/09\/bo-am-chen-gom-men-mau-tien-hac-08-768x1167.jpg 768w, https:\/\/traquantaman.vn\/wp-content\/uploads\/2023\/09\/bo-am-chen-gom-men-mau-tien-hac-08-600x911.jpg 600w\" sizes=\"auto, (max-width: 790px) 100vw, 790px\" \/> <img loading=\"lazy\" decoding=\"async\" class=\"alignnone size-full wp-image-647\" src=\"https:\/\/traquantaman.vn\/wp-content\/uploads\/2023\/09\/bo-am-chen-gom-men-mau-tien-hac-11.jpg\" alt=\"\" width=\"790\" height=\"1197\" srcset=\"https:\/\/traquantaman.vn\/wp-content\/uploads\/2023\/09\/bo-am-chen-gom-men-mau-tien-hac-11.jpg 790w, https:\/\/traquantaman.vn\/wp-content\/uploads\/2023\/09\/bo-am-chen-gom-men-mau-tien-hac-11-198x300.jpg 198w, https:\/\/traquantaman.vn\/wp-content\/uploads\/2023\/09\/bo-am-chen-gom-men-mau-tien-hac-11-676x1024.jpg 676w, https:\/\/traquantaman.vn\/wp-content\/uploads\/2023\/09\/bo-am-chen-gom-men-mau-tien-hac-11-768x1164.jpg 768w, https:\/\/traquantaman.vn\/wp-content\/uploads\/2023\/09\/bo-am-chen-gom-men-mau-tien-hac-11-600x909.jpg 600w\" sizes=\"auto, (max-width: 790px) 100vw, 790px\" \/> <img loading=\"lazy\" decoding=\"async\" class=\"alignnone size-full wp-image-646\" src=\"https:\/\/traquantaman.vn\/wp-content\/uploads\/2023\/09\/bo-am-chen-gom-men-mau-tien-hac-12.jpg\" alt=\"\" width=\"790\" height=\"1221\" srcset=\"https:\/\/traquantaman.vn\/wp-content\/uploads\/2023\/09\/bo-am-chen-gom-men-mau-tien-hac-12.jpg 790w, https:\/\/traquantaman.vn\/wp-content\/uploads\/2023\/09\/bo-am-chen-gom-men-mau-tien-hac-12-194x300.jpg 194w, https:\/\/traquantaman.vn\/wp-content\/uploads\/2023\/09\/bo-am-chen-gom-men-mau-tien-hac-12-663x1024.jpg 663w, https:\/\/traquantaman.vn\/wp-content\/uploads\/2023\/09\/bo-am-chen-gom-men-mau-tien-hac-12-768x1187.jpg 768w, https:\/\/traquantaman.vn\/wp-content\/uploads\/2023\/09\/bo-am-chen-gom-men-mau-tien-hac-12-600x927.jpg 600w\" sizes=\"auto, (max-width: 790px) 100vw, 790px\" \/> <img loading=\"lazy\" decoding=\"async\" class=\"alignnone size-full wp-image-651\" src=\"https:\/\/traquantaman.vn\/wp-content\/uploads\/2023\/09\/bo-am-chen-gom-men-mau-tien-hac-07.jpg\" alt=\"\" width=\"790\" height=\"1200\" srcset=\"https:\/\/traquantaman.vn\/wp-content\/uploads\/2023\/09\/bo-am-chen-gom-men-mau-tien-hac-07.jpg 790w, https:\/\/traquantaman.vn\/wp-content\/uploads\/2023\/09\/bo-am-chen-gom-men-mau-tien-hac-07-198x300.jpg 198w, https:\/\/traquantaman.vn\/wp-content\/uploads\/2023\/09\/bo-am-chen-gom-men-mau-tien-hac-07-674x1024.jpg 674w, https:\/\/traquantaman.vn\/wp-content\/uploads\/2023\/09\/bo-am-chen-gom-men-mau-tien-hac-07-768x1167.jpg 768w, https:\/\/traquantaman.vn\/wp-content\/uploads\/2023\/09\/bo-am-chen-gom-men-mau-tien-hac-07-600x911.jpg 600w\" sizes=\"auto, (max-width: 790px) 100vw, 790px\" \/> <img loading=\"lazy\" decoding=\"async\" class=\"alignnone size-full wp-image-652\" src=\"https:\/\/traquantaman.vn\/wp-content\/uploads\/2023\/09\/bo-am-chen-gom-men-mau-tien-hac-06.jpg\" alt=\"\" width=\"790\" height=\"1205\" srcset=\"https:\/\/traquantaman.vn\/wp-content\/uploads\/2023\/09\/bo-am-chen-gom-men-mau-tien-hac-06.jpg 790w, https:\/\/traquantaman.vn\/wp-content\/uploads\/2023\/09\/bo-am-chen-gom-men-mau-tien-hac-06-197x300.jpg 197w, https:\/\/traquantaman.vn\/wp-content\/uploads\/2023\/09\/bo-am-chen-gom-men-mau-tien-hac-06-671x1024.jpg 671w, https:\/\/traquantaman.vn\/wp-content\/uploads\/2023\/09\/bo-am-chen-gom-men-mau-tien-hac-06-768x1171.jpg 768w, https:\/\/traquantaman.vn\/wp-content\/uploads\/2023\/09\/bo-am-chen-gom-men-mau-tien-hac-06-600x915.jpg 600w\" sizes=\"auto, (max-width: 790px) 100vw, 790px\" \/><\/p>\n","protected":false},"excerpt":{"rendered":"<p><strong><span data-spm-anchor-id=\"a261y.7663282.module-desc.i0.47ce31a52lTJdU\">[T\u00ean s\u1ea3n ph\u1ea9m] B\u1ed9 ch\u00e9n g\u1ed1m men m\u00e0u Ti\u00ean H\u1ea1c ( G\u1ed3m 1 ch\u00e9n kh\u1ea3i, 8 ch\u00e9n tr\u00e0, 1 ch\u00e9n t\u1ed1ng, 1 b\u1ed9 l\u1ecdc tr\u00e0)<\/span><\/strong><\/p>\n<p><strong><span data-spm-anchor-id=\"a261y.7663282.module-desc.i0.47ce31a52lTJdU\">[Ngu\u1ed3n g\u1ed1c] \u0110\u1ee9c H\u00f3a, Trung Qu\u1ed1c<\/span><\/strong><\/p>\n<p><strong><span data-spm-anchor-id=\"a261y.7663282.module-desc.i0.47ce31a52lTJdU\">[Th\u01b0\u01a1ng hi\u1ec7u] V\u00e2n Hoa \u0110\u01b0\u1eddng<\/span><\/strong><\/p>\n<p><strong>[Ch\u1ea5t li\u1ec7u] G\u1ed1m tr\u00e1ng men m\u00e0u<\/strong><\/p>\n<p><strong>[Dung t\u00edch] \u1ea4m tr\u00e0: 260cc\u00b110cc Ch\u00e9n tr\u00e0: 60cc\u00b15cc Ch\u00e9n t\u1ed1ng: 240cc\u00b110cc<\/strong><\/p>\n<p><strong>[K\u00edch th\u01b0\u1edbc] Ch\u00e9n kh\u1ea3i: Chi\u1ec1u r\u1ed9ng 11,5cm x chi\u1ec1u cao: 10,4cm x 210ml; Ch\u00e9n tr\u00e0: 7,0cm x 4,2cm x100ml; Ch\u00e9n t\u1ed1ng: 8,3cm x 9,5cm x250ml; B\u1ed9 l\u1ecdc tr\u00e0 8,7cm x6,8cm<\/strong><\/p>\n<p><strong>[Ch\u1ebf t\u00e1c] Th\u1ee7 c\u00f4ng<\/strong><\/p>\n<p><strong>[Gi\u1edbi thi\u1ec7u t\u00e1c ph\u1ea9m] B\u1ed9 ch\u00e9n b\u1eb1ng g\u1ed1m men m\u00e0u Ti\u00ean H\u1ea1c v\u1edbi thi\u1ebft k\u1ebf c\u00f4ng th\u00e1i h\u1ecdc mang l\u1ea1i tr\u1ea3i nghi\u1ec7m s\u1eed d\u1ee5ng v\u00f4 c\u00f9ng d\u1ec5 ch\u1ecbu, c\u00e1c \u0111\u01b0\u1eddng cong mang \u0111\u1ebfn v\u1ebb \u0111\u1eb9p trang nh\u00e3, c\u1ea3m gi\u00e1c c\u1ea7m n\u1eafm nh\u1eb9 nh\u00e0ng m\u00e0 ch\u1eafc ch\u1eafn. H\u00ecnh t\u01b0\u1ee3ng ti\u00ean h\u1ea1c t\u1ef1 dao v\u00e0 ph\u00f3ng kho\u00e1ng, m\u00e0u s\u1eafc men mang v\u1ebb \u0111\u1eb9p \u0111\u1ed9c \u0111\u00e1o.<\/strong><\/p>\n","protected":false},"featured_media":641,"comment_status":"open","ping_status":"closed","template":"","meta":[],"product_cat":[35,18],"product_tag":[],"class_list":{"0":"post-640","1":"product","2":"type-product","3":"status-publish","4":"has-post-thumbnail","6":"product_cat-bo-am-chen-gom-su","7":"product_cat-bo-am-chen","9":"first","10":"instock","11":"shipping-taxable","12":"purchasable","13":"product-type-simple"},"_links":{"self":[{"href":"https:\/\/traquantaman.vn\/index.php\/wp-json\/wp\/v2\/product\/640","targetHints":{"allow":["GET"]}}],"collection":[{"href":"https:\/\/traquantaman.vn\/index.php\/wp-json\/wp\/v2\/product"}],"about":[{"href":"https:\/\/traquantaman.vn\/index.php\/wp-json\/wp\/v2\/types\/product"}],"replies":[{"embeddable":true,"href":"https:\/\/traquantaman.vn\/index.php\/wp-json\/wp\/v2\/comments?post=640"}],"wp:featuredmedia":[{"embeddable":true,"href":"https:\/\/traquantaman.vn\/index.php\/wp-json\/wp\/v2\/media\/641"}],"wp:attachment":[{"href":"https:\/\/traquantaman.vn\/index.php\/wp-json\/wp\/v2\/media?parent=640"}],"wp:term":[{"taxonomy":"product_cat","embeddable":true,"href":"https:\/\/traquantaman.vn\/index.php\/wp-json\/wp\/v2\/product_cat?post=640"},{"taxonomy":"product_tag","embeddable":true,"href":"https:\/\/traquantaman.vn\/index.php\/wp-json\/wp\/v2\/product_tag?post=640"}],"curies":[{"name":"wp","href":"https:\/\/api.w.org\/{rel}","templated":true}]}}