{"id":578,"date":"2023-09-12T09:42:25","date_gmt":"2023-09-12T02:42:25","guid":{"rendered":"https:\/\/traquantaman.vn\/?post_type=product&#038;p=578"},"modified":"2023-09-12T09:45:48","modified_gmt":"2023-09-12T02:45:48","slug":"578","status":"publish","type":"product","link":"https:\/\/traquantaman.vn\/index.php\/product\/578\/","title":{"rendered":"H\u1ed9p \u0111\u1ef1ng tr\u00e0 t\u1eed sa S\u01a1n Th\u1ee7y"},"content":{"rendered":"<p><img loading=\"lazy\" decoding=\"async\" class=\"alignnone size-full wp-image-583\" src=\"https:\/\/traquantaman.vn\/wp-content\/uploads\/2023\/09\/hu-dung-tu-sa-son-thuy-1.jpg\" alt=\"\" width=\"800\" height=\"1200\" srcset=\"https:\/\/traquantaman.vn\/wp-content\/uploads\/2023\/09\/hu-dung-tu-sa-son-thuy-1.jpg 800w, https:\/\/traquantaman.vn\/wp-content\/uploads\/2023\/09\/hu-dung-tu-sa-son-thuy-1-200x300.jpg 200w, https:\/\/traquantaman.vn\/wp-content\/uploads\/2023\/09\/hu-dung-tu-sa-son-thuy-1-683x1024.jpg 683w, https:\/\/traquantaman.vn\/wp-content\/uploads\/2023\/09\/hu-dung-tu-sa-son-thuy-1-768x1152.jpg 768w, https:\/\/traquantaman.vn\/wp-content\/uploads\/2023\/09\/hu-dung-tu-sa-son-thuy-1-600x900.jpg 600w\" sizes=\"auto, (max-width: 800px) 100vw, 800px\" \/> <img loading=\"lazy\" decoding=\"async\" class=\"alignnone size-full wp-image-584\" src=\"https:\/\/traquantaman.vn\/wp-content\/uploads\/2023\/09\/hu-dung-tu-sa-son-thuy-2.jpg\" alt=\"\" width=\"800\" height=\"533\" srcset=\"https:\/\/traquantaman.vn\/wp-content\/uploads\/2023\/09\/hu-dung-tu-sa-son-thuy-2.jpg 800w, https:\/\/traquantaman.vn\/wp-content\/uploads\/2023\/09\/hu-dung-tu-sa-son-thuy-2-300x200.jpg 300w, https:\/\/traquantaman.vn\/wp-content\/uploads\/2023\/09\/hu-dung-tu-sa-son-thuy-2-768x512.jpg 768w, https:\/\/traquantaman.vn\/wp-content\/uploads\/2023\/09\/hu-dung-tu-sa-son-thuy-2-600x400.jpg 600w\" sizes=\"auto, (max-width: 800px) 100vw, 800px\" \/> <img loading=\"lazy\" decoding=\"async\" class=\"alignnone size-full wp-image-586\" src=\"https:\/\/traquantaman.vn\/wp-content\/uploads\/2023\/09\/hu-dung-tu-sa-son-thuy-4.jpg\" alt=\"\" width=\"800\" height=\"533\" srcset=\"https:\/\/traquantaman.vn\/wp-content\/uploads\/2023\/09\/hu-dung-tu-sa-son-thuy-4.jpg 800w, https:\/\/traquantaman.vn\/wp-content\/uploads\/2023\/09\/hu-dung-tu-sa-son-thuy-4-300x200.jpg 300w, https:\/\/traquantaman.vn\/wp-content\/uploads\/2023\/09\/hu-dung-tu-sa-son-thuy-4-768x512.jpg 768w, https:\/\/traquantaman.vn\/wp-content\/uploads\/2023\/09\/hu-dung-tu-sa-son-thuy-4-600x400.jpg 600w\" sizes=\"auto, (max-width: 800px) 100vw, 800px\" \/> <img loading=\"lazy\" decoding=\"async\" class=\"alignnone size-full wp-image-585\" src=\"https:\/\/traquantaman.vn\/wp-content\/uploads\/2023\/09\/hu-dung-tu-sa-son-thuy-3.jpg\" alt=\"\" width=\"800\" height=\"1200\" srcset=\"https:\/\/traquantaman.vn\/wp-content\/uploads\/2023\/09\/hu-dung-tu-sa-son-thuy-3.jpg 800w, https:\/\/traquantaman.vn\/wp-content\/uploads\/2023\/09\/hu-dung-tu-sa-son-thuy-3-200x300.jpg 200w, https:\/\/traquantaman.vn\/wp-content\/uploads\/2023\/09\/hu-dung-tu-sa-son-thuy-3-683x1024.jpg 683w, https:\/\/traquantaman.vn\/wp-content\/uploads\/2023\/09\/hu-dung-tu-sa-son-thuy-3-768x1152.jpg 768w, https:\/\/traquantaman.vn\/wp-content\/uploads\/2023\/09\/hu-dung-tu-sa-son-thuy-3-600x900.jpg 600w\" sizes=\"auto, (max-width: 800px) 100vw, 800px\" \/> <img loading=\"lazy\" decoding=\"async\" class=\"alignnone size-full wp-image-589\" src=\"https:\/\/traquantaman.vn\/wp-content\/uploads\/2023\/09\/hu-dung-tu-sa-son-thuy-7.jpg\" alt=\"\" width=\"800\" height=\"1200\" srcset=\"https:\/\/traquantaman.vn\/wp-content\/uploads\/2023\/09\/hu-dung-tu-sa-son-thuy-7.jpg 800w, https:\/\/traquantaman.vn\/wp-content\/uploads\/2023\/09\/hu-dung-tu-sa-son-thuy-7-200x300.jpg 200w, https:\/\/traquantaman.vn\/wp-content\/uploads\/2023\/09\/hu-dung-tu-sa-son-thuy-7-683x1024.jpg 683w, https:\/\/traquantaman.vn\/wp-content\/uploads\/2023\/09\/hu-dung-tu-sa-son-thuy-7-768x1152.jpg 768w, https:\/\/traquantaman.vn\/wp-content\/uploads\/2023\/09\/hu-dung-tu-sa-son-thuy-7-600x900.jpg 600w\" sizes=\"auto, (max-width: 800px) 100vw, 800px\" \/> <img loading=\"lazy\" decoding=\"async\" class=\"alignnone size-full wp-image-588\" src=\"https:\/\/traquantaman.vn\/wp-content\/uploads\/2023\/09\/hu-dung-tu-sa-son-thuy-6.jpg\" alt=\"\" width=\"800\" height=\"1200\" srcset=\"https:\/\/traquantaman.vn\/wp-content\/uploads\/2023\/09\/hu-dung-tu-sa-son-thuy-6.jpg 800w, https:\/\/traquantaman.vn\/wp-content\/uploads\/2023\/09\/hu-dung-tu-sa-son-thuy-6-200x300.jpg 200w, https:\/\/traquantaman.vn\/wp-content\/uploads\/2023\/09\/hu-dung-tu-sa-son-thuy-6-683x1024.jpg 683w, https:\/\/traquantaman.vn\/wp-content\/uploads\/2023\/09\/hu-dung-tu-sa-son-thuy-6-768x1152.jpg 768w, https:\/\/traquantaman.vn\/wp-content\/uploads\/2023\/09\/hu-dung-tu-sa-son-thuy-6-600x900.jpg 600w\" sizes=\"auto, (max-width: 800px) 100vw, 800px\" \/> <img loading=\"lazy\" decoding=\"async\" class=\"alignnone size-full wp-image-587\" src=\"https:\/\/traquantaman.vn\/wp-content\/uploads\/2023\/09\/hu-dung-tu-sa-son-thuy-5.jpg\" alt=\"\" width=\"800\" height=\"1200\" srcset=\"https:\/\/traquantaman.vn\/wp-content\/uploads\/2023\/09\/hu-dung-tu-sa-son-thuy-5.jpg 800w, https:\/\/traquantaman.vn\/wp-content\/uploads\/2023\/09\/hu-dung-tu-sa-son-thuy-5-200x300.jpg 200w, https:\/\/traquantaman.vn\/wp-content\/uploads\/2023\/09\/hu-dung-tu-sa-son-thuy-5-683x1024.jpg 683w, https:\/\/traquantaman.vn\/wp-content\/uploads\/2023\/09\/hu-dung-tu-sa-son-thuy-5-768x1152.jpg 768w, https:\/\/traquantaman.vn\/wp-content\/uploads\/2023\/09\/hu-dung-tu-sa-son-thuy-5-600x900.jpg 600w\" sizes=\"auto, (max-width: 800px) 100vw, 800px\" \/><\/p>\n","protected":false},"excerpt":{"rendered":"<p><strong>[T\u00ean s\u1ea3n ph\u1ea9m] H\u1ed9p \u0111\u1ef1ng tr\u00e0 t\u1eed sa S\u01a1n Th\u1ee7y<\/strong><\/p>\n<p><strong>[Ch\u1ea5t li\u1ec7u] Thanh th\u1ee7y n\u00ea<\/strong><\/p>\n<p><strong>[Kh\u1ed1i l\u01b0\u1ee3ng] ~400gr<\/strong><\/p>\n<p><strong>[K\u00edch th\u01b0\u1edbc] <span class=\"VIpgJd-yAWNEb-VIpgJd-fmcmS-sn54Q\">T\u1ed5ng \u0111\u01b0\u1eddng k\u00ednh: 13,0cm \u0110\u01b0\u1eddng k\u00ednh mi\u1ec7ng h\u0169: 9,6cm T\u1ed5ng chi\u1ec1u cao: 11,5cm<\/span><\/strong><\/p>\n<p><strong>[Ch\u1ebf t\u00e1c] Th\u1ee7 c\u00f4ng<\/strong><\/p>\n<p data-spm-anchor-id=\"a261y.7663282.module-desc.i0.7e732922Bzv68B\"><strong>[Gi\u1edbi thi\u1ec7u] Vai tr\u00f2 c\u1ee7a h\u0169 \u0111\u1ef1ng tr\u00e0 kh\u00f4ng ch\u1ec9 l\u00e0 \u0111\u1ef1ng tr\u00e0 m\u00e0 n\u00f3 c\u00f2n l\u00e0 m\u1ed9t d\u1ee5ng c\u1ee5, \u0111\u1ed3 ch\u01a1i sang tr\u1ecdng d\u00e0nh cho ng\u01b0\u1eddi u\u1ed1ng tr\u00e0, l\u00e0 m\u1ed9t s\u1ea3n ph\u1ea9m th\u1ee7 c\u00f4ng ch\u1ee9a \u0111\u1ef1ng c\u1ea3m nh\u1eadn tinh t\u1ebf c\u1ee7a ng\u01b0\u1eddi u\u1ed1ng tr\u00e0. B\u1ecbt k\u00edn v\u00e0 tho\u00e1ng kh\u00ed, l\u00e1 tr\u00e0 \u0111\u01b0\u1ee3c gi\u1eef t\u01b0\u01a1i, ch\u1ed1ng \u1ea9m v\u00e0 kh\u00f4ng b\u1ecb m\u1ed1c, m\u00f9i h\u00f4i trong l\u00e1 tr\u00e0 \u0111\u01b0\u1ee3c lo\u1ea1i b\u1ecf, l\u00e1 tr\u00e0 tr\u1edf n\u00ean kh\u1ecfe m\u1ea1nh h\u01a1n, \u0111\u1ed9 \u1ea9m \u0111\u01b0\u1ee3c lo\u1ea1i b\u1ecf v\u00e0 h\u01b0\u01a1ng th\u01a1m \u0111\u01b0\u1ee3c gi\u1eef l\u1ea1i, b\u1ea3o qu\u1ea3n c\u00e0ng l\u00e2u , n\u00f3 c\u00e0ng tr\u1edf n\u00ean th\u01a1m h\u01a1n.<\/strong><\/p>\n","protected":false},"featured_media":579,"comment_status":"open","ping_status":"closed","template":"","meta":[],"product_cat":[19,28],"product_tag":[],"class_list":{"0":"post-578","1":"product","2":"type-product","3":"status-publish","4":"has-post-thumbnail","6":"product_cat-tra-cu","7":"product_cat-hu-dung-tra","9":"first","10":"instock","11":"shipping-taxable","12":"product-type-simple"},"_links":{"self":[{"href":"https:\/\/traquantaman.vn\/index.php\/wp-json\/wp\/v2\/product\/578","targetHints":{"allow":["GET"]}}],"collection":[{"href":"https:\/\/traquantaman.vn\/index.php\/wp-json\/wp\/v2\/product"}],"about":[{"href":"https:\/\/traquantaman.vn\/index.php\/wp-json\/wp\/v2\/types\/product"}],"replies":[{"embeddable":true,"href":"https:\/\/traquantaman.vn\/index.php\/wp-json\/wp\/v2\/comments?post=578"}],"wp:featuredmedia":[{"embeddable":true,"href":"https:\/\/traquantaman.vn\/index.php\/wp-json\/wp\/v2\/media\/579"}],"wp:attachment":[{"href":"https:\/\/traquantaman.vn\/index.php\/wp-json\/wp\/v2\/media?parent=578"}],"wp:term":[{"taxonomy":"product_cat","embeddable":true,"href":"https:\/\/traquantaman.vn\/index.php\/wp-json\/wp\/v2\/product_cat?post=578"},{"taxonomy":"product_tag","embeddable":true,"href":"https:\/\/traquantaman.vn\/index.php\/wp-json\/wp\/v2\/product_tag?post=578"}],"curies":[{"name":"wp","href":"https:\/\/api.w.org\/{rel}","templated":true}]}}