{"id":476,"date":"2023-09-11T15:20:13","date_gmt":"2023-09-11T08:20:13","guid":{"rendered":"https:\/\/traquantaman.vn\/?post_type=product&#038;p=476"},"modified":"2024-05-10T12:56:30","modified_gmt":"2024-05-10T05:56:30","slug":"476","status":"publish","type":"product","link":"https:\/\/traquantaman.vn\/index.php\/product\/476\/","title":{"rendered":"B\u1ed9 \u1ea5m ch\u00e9n t\u1eed sa Th\u1ea1ch Bi\u1ec1u S\u00e1o T\u1ed5"},"content":{"rendered":"<p><img loading=\"lazy\" decoding=\"async\" class=\"alignnone size-full wp-image-485\" src=\"https:\/\/traquantaman.vn\/wp-content\/uploads\/2023\/09\/bo-am-tra-tu-sa-cao-cap-9.jpg\" alt=\"\" width=\"750\" height=\"1149\" srcset=\"https:\/\/traquantaman.vn\/wp-content\/uploads\/2023\/09\/bo-am-tra-tu-sa-cao-cap-9.jpg 750w, https:\/\/traquantaman.vn\/wp-content\/uploads\/2023\/09\/bo-am-tra-tu-sa-cao-cap-9-196x300.jpg 196w, https:\/\/traquantaman.vn\/wp-content\/uploads\/2023\/09\/bo-am-tra-tu-sa-cao-cap-9-668x1024.jpg 668w, https:\/\/traquantaman.vn\/wp-content\/uploads\/2023\/09\/bo-am-tra-tu-sa-cao-cap-9-600x919.jpg 600w\" sizes=\"auto, (max-width: 750px) 100vw, 750px\" \/> <img loading=\"lazy\" decoding=\"async\" class=\"alignnone size-full wp-image-481\" src=\"https:\/\/traquantaman.vn\/wp-content\/uploads\/2023\/09\/bo-am-tra-tu-sa-cao-cap-5.jpg\" alt=\"\" width=\"750\" height=\"1142\" srcset=\"https:\/\/traquantaman.vn\/wp-content\/uploads\/2023\/09\/bo-am-tra-tu-sa-cao-cap-5.jpg 750w, https:\/\/traquantaman.vn\/wp-content\/uploads\/2023\/09\/bo-am-tra-tu-sa-cao-cap-5-197x300.jpg 197w, https:\/\/traquantaman.vn\/wp-content\/uploads\/2023\/09\/bo-am-tra-tu-sa-cao-cap-5-673x1024.jpg 673w, https:\/\/traquantaman.vn\/wp-content\/uploads\/2023\/09\/bo-am-tra-tu-sa-cao-cap-5-600x914.jpg 600w\" sizes=\"auto, (max-width: 750px) 100vw, 750px\" \/> <img loading=\"lazy\" decoding=\"async\" class=\"alignnone size-full wp-image-480\" src=\"https:\/\/traquantaman.vn\/wp-content\/uploads\/2023\/09\/bo-am-tra-tu-sa-cao-cap-4.jpg\" alt=\"\" width=\"750\" height=\"1170\" srcset=\"https:\/\/traquantaman.vn\/wp-content\/uploads\/2023\/09\/bo-am-tra-tu-sa-cao-cap-4.jpg 750w, https:\/\/traquantaman.vn\/wp-content\/uploads\/2023\/09\/bo-am-tra-tu-sa-cao-cap-4-192x300.jpg 192w, https:\/\/traquantaman.vn\/wp-content\/uploads\/2023\/09\/bo-am-tra-tu-sa-cao-cap-4-656x1024.jpg 656w, https:\/\/traquantaman.vn\/wp-content\/uploads\/2023\/09\/bo-am-tra-tu-sa-cao-cap-4-600x936.jpg 600w\" sizes=\"auto, (max-width: 750px) 100vw, 750px\" \/> <img loading=\"lazy\" decoding=\"async\" class=\"alignnone size-full wp-image-479\" src=\"https:\/\/traquantaman.vn\/wp-content\/uploads\/2023\/09\/bo-am-tra-tu-sa-cao-cap-3.jpg\" alt=\"\" width=\"729\" height=\"876\" srcset=\"https:\/\/traquantaman.vn\/wp-content\/uploads\/2023\/09\/bo-am-tra-tu-sa-cao-cap-3.jpg 729w, https:\/\/traquantaman.vn\/wp-content\/uploads\/2023\/09\/bo-am-tra-tu-sa-cao-cap-3-250x300.jpg 250w, https:\/\/traquantaman.vn\/wp-content\/uploads\/2023\/09\/bo-am-tra-tu-sa-cao-cap-3-600x721.jpg 600w\" sizes=\"auto, (max-width: 729px) 100vw, 729px\" \/> <img loading=\"lazy\" decoding=\"async\" class=\"alignnone size-full wp-image-483\" src=\"https:\/\/traquantaman.vn\/wp-content\/uploads\/2023\/09\/bo-am-tra-tu-sa-cao-cap-7-Copy.jpg\" alt=\"\" width=\"750\" height=\"862\" srcset=\"https:\/\/traquantaman.vn\/wp-content\/uploads\/2023\/09\/bo-am-tra-tu-sa-cao-cap-7-Copy.jpg 750w, https:\/\/traquantaman.vn\/wp-content\/uploads\/2023\/09\/bo-am-tra-tu-sa-cao-cap-7-Copy-261x300.jpg 261w, https:\/\/traquantaman.vn\/wp-content\/uploads\/2023\/09\/bo-am-tra-tu-sa-cao-cap-7-Copy-600x690.jpg 600w\" sizes=\"auto, (max-width: 750px) 100vw, 750px\" \/> <img loading=\"lazy\" decoding=\"async\" class=\"alignnone size-full wp-image-484\" src=\"https:\/\/traquantaman.vn\/wp-content\/uploads\/2023\/09\/bo-am-tra-tu-sa-cao-cap-8.jpg\" alt=\"\" width=\"750\" height=\"575\" srcset=\"https:\/\/traquantaman.vn\/wp-content\/uploads\/2023\/09\/bo-am-tra-tu-sa-cao-cap-8.jpg 750w, https:\/\/traquantaman.vn\/wp-content\/uploads\/2023\/09\/bo-am-tra-tu-sa-cao-cap-8-300x230.jpg 300w, https:\/\/traquantaman.vn\/wp-content\/uploads\/2023\/09\/bo-am-tra-tu-sa-cao-cap-8-600x460.jpg 600w\" sizes=\"auto, (max-width: 750px) 100vw, 750px\" \/> <img loading=\"lazy\" decoding=\"async\" class=\"alignnone size-full wp-image-482\" src=\"https:\/\/traquantaman.vn\/wp-content\/uploads\/2023\/09\/bo-am-tra-tu-sa-cao-cap-6.jpg\" alt=\"\" width=\"750\" height=\"853\" srcset=\"https:\/\/traquantaman.vn\/wp-content\/uploads\/2023\/09\/bo-am-tra-tu-sa-cao-cap-6.jpg 750w, https:\/\/traquantaman.vn\/wp-content\/uploads\/2023\/09\/bo-am-tra-tu-sa-cao-cap-6-264x300.jpg 264w, https:\/\/traquantaman.vn\/wp-content\/uploads\/2023\/09\/bo-am-tra-tu-sa-cao-cap-6-600x682.jpg 600w\" sizes=\"auto, (max-width: 750px) 100vw, 750px\" \/> <img loading=\"lazy\" decoding=\"async\" class=\"alignnone size-full wp-image-486\" src=\"https:\/\/traquantaman.vn\/wp-content\/uploads\/2023\/09\/bo-am-tra-tu-sa-cao-cap-10.jpg\" alt=\"\" width=\"750\" height=\"972\" srcset=\"https:\/\/traquantaman.vn\/wp-content\/uploads\/2023\/09\/bo-am-tra-tu-sa-cao-cap-10.jpg 750w, https:\/\/traquantaman.vn\/wp-content\/uploads\/2023\/09\/bo-am-tra-tu-sa-cao-cap-10-231x300.jpg 231w, https:\/\/traquantaman.vn\/wp-content\/uploads\/2023\/09\/bo-am-tra-tu-sa-cao-cap-10-600x778.jpg 600w\" sizes=\"auto, (max-width: 750px) 100vw, 750px\" \/><\/p>\n","protected":false},"excerpt":{"rendered":"<p><strong>[T\u00ean s\u1ea3n ph\u1ea9m] B\u1ed9 \u1ea5m ch\u00e9n t\u1eed sa Th\u1ea1ch Bi\u1ec1u s\u00e1o t\u1ed5 (1 \u1ea5m 4 ch\u00e9n)<\/strong><\/p>\n<p><strong>[Ph\u1ee5 ki\u1ec7n] Gi\u1ea5y ch\u1ee9ng nh\u1eadn s\u01b0u t\u1eadp g\u1ed1c c\u1ee7a t\u00e1c gi\u1ea3, \u1ea3nh t\u00e1c gi\u1ea3, c\u1eb7p \u0111\u1ef1ng t\u00e0i li\u1ec7u, t\u00fai x\u00e1ch)<\/strong><\/p>\n<p><strong>[T\u00e1c gi\u1ea3] Danh gia ch\u1ebf h\u1ed3 l\u00e3o s\u01b0<\/strong><\/p>\n<p><strong>[\u0110\u00f3ng g\u00f3i] Bao b\u00ec h\u1ed9p qu\u00e0 t\u1eb7ng<\/strong><\/p>\n<p><strong>[Ch\u1ea5t li\u1ec7u] \u00d4 kim n\u00ea<\/strong><\/p>\n<p><strong>\u3010L\u1ecdc n\u01b0\u1edbc\u3011H\u00ecnh thoi 16 l\u1ed7<\/strong><\/p>\n<p><strong>[Dung t\u00edch] 300cc\u00b110cc<\/strong><\/p>\n<p><strong>[K\u00edch th\u01b0\u1edbc] T\u1ed5ng \u0111\u01b0\u1eddng k\u00ednh: 15,4cm Mi\u1ec7ng \u1ea5m: 5,9cm T\u1ed5ng chi\u1ec1u cao: 6,8cm<\/strong><\/p>\n<p><strong>[<\/strong><b>Ch\u1ebf t\u00e1c] Th\u1ee7 c\u00f4ng<\/b><\/p>\n<p><strong>[Gi\u1edbi thi\u1ec7u] \u1ea4m tr\u00e0 Th\u1ea1ch Bi\u1ec1u l\u00e0 m\u1ed9t trong nh\u1eefng lo\u1ea1i \u1ea5m tr\u00e0 b\u1eb1ng \u0111\u1ea5t t\u1eed sa c\u1ed5 \u0111i\u1ec3n. Chi\u1ebfc \u1ea5m n\u00e0y ho\u00e0n to\u00e0n \u0111\u01b0\u1ee3c th\u1ea7y l\u00e0m th\u1ee7 c\u00f4ng, kh\u00f4ng ch\u1ec9 c\u00f3 tay ngh\u1ec1 tinh t\u1ebf m\u00e0 th\u1ea7y c\u00f2n th\u1ec3 hi\u1ec7n r\u1ea5t t\u1ed1t t\u00ednh ch\u1ea5t v\u0103n nh\u00e2n c\u1ee7a chi\u1ebfc \u1ea5m d\u00e1ng b\u1ea7u \u0111\u00e1 (Th\u1ea1ch Bi\u1ec1u). To\u00e0n b\u1ed9 chi\u1ebfc \u1ea5m mang l\u1ea1i c\u1ea3m gi\u00e1c b\u00ed \u1ea9n v\u00e0 ch\u1eafc ch\u1eafn. <span class=\"VIpgJd-yAWNEb-VIpgJd-fmcmS-sn54Q\" data-spm-anchor-id=\"a360q.9889319.0.i3.5dce4e20fCBehc\">Th\u00e2n \u1ea5m c\u00f3 h\u00ecnh d\u1ea1ng &#8220;kim t\u1ef1 th\u00e1p&#8221;, n\u1eafp ph\u1eb3ng \u00e9p ph\u00eda tr\u00eann n\u01b0\u1edbc ch\u1ea3y ra kh\u1ecfi v\u00f2i nhanh ch\u00f3ng, tay c\u1ea7m h\u00ecnh tam gi\u00e1c ch\u1eafc ch\u1eafn v\u00e0 \u0111inh ch\u00e2n uy nghi\u00eam, b\u00e1 \u0111\u1ea1o, m\u1ed7i b\u1ed9 ph\u1eadn \u0111\u1ec1u l\u00e0 tinh hoa c\u1ee7a d\u00e1ng \u1ea5m Th\u1ea1ch Bi\u1ec1u.<\/span><\/strong><\/p>\n","protected":false},"featured_media":477,"comment_status":"open","ping_status":"closed","template":"","meta":[],"product_cat":[18,24],"product_tag":[],"class_list":{"0":"post-476","1":"product","2":"type-product","3":"status-publish","4":"has-post-thumbnail","6":"product_cat-bo-am-chen","7":"product_cat-bo-am-chen-tu-sa","9":"first","10":"instock","11":"shipping-taxable","12":"purchasable","13":"product-type-simple"},"_links":{"self":[{"href":"https:\/\/traquantaman.vn\/index.php\/wp-json\/wp\/v2\/product\/476","targetHints":{"allow":["GET"]}}],"collection":[{"href":"https:\/\/traquantaman.vn\/index.php\/wp-json\/wp\/v2\/product"}],"about":[{"href":"https:\/\/traquantaman.vn\/index.php\/wp-json\/wp\/v2\/types\/product"}],"replies":[{"embeddable":true,"href":"https:\/\/traquantaman.vn\/index.php\/wp-json\/wp\/v2\/comments?post=476"}],"wp:featuredmedia":[{"embeddable":true,"href":"https:\/\/traquantaman.vn\/index.php\/wp-json\/wp\/v2\/media\/477"}],"wp:attachment":[{"href":"https:\/\/traquantaman.vn\/index.php\/wp-json\/wp\/v2\/media?parent=476"}],"wp:term":[{"taxonomy":"product_cat","embeddable":true,"href":"https:\/\/traquantaman.vn\/index.php\/wp-json\/wp\/v2\/product_cat?post=476"},{"taxonomy":"product_tag","embeddable":true,"href":"https:\/\/traquantaman.vn\/index.php\/wp-json\/wp\/v2\/product_tag?post=476"}],"curies":[{"name":"wp","href":"https:\/\/api.w.org\/{rel}","templated":true}]}}