{"id":456,"date":"2023-09-11T15:03:03","date_gmt":"2023-09-11T08:03:03","guid":{"rendered":"https:\/\/traquantaman.vn\/?post_type=product&#038;p=456"},"modified":"2024-05-10T12:56:45","modified_gmt":"2024-05-10T05:56:45","slug":"bo-am-chen-nha-ha-tay-thi","status":"publish","type":"product","link":"https:\/\/traquantaman.vn\/index.php\/product\/bo-am-chen-nha-ha-tay-thi\/","title":{"rendered":"B\u1ed9 \u1ea5m ch\u00e9n Nh\u00e3 H\u00e0 T\u00e2y Thi"},"content":{"rendered":"<p><img loading=\"lazy\" decoding=\"async\" class=\"alignnone size-full wp-image-466\" src=\"https:\/\/traquantaman.vn\/wp-content\/uploads\/2023\/09\/bo-am-chen-tu-sa-nha-ha-tay-thi-5.jpg\" alt=\"\" width=\"750\" height=\"1323\" srcset=\"https:\/\/traquantaman.vn\/wp-content\/uploads\/2023\/09\/bo-am-chen-tu-sa-nha-ha-tay-thi-5.jpg 750w, https:\/\/traquantaman.vn\/wp-content\/uploads\/2023\/09\/bo-am-chen-tu-sa-nha-ha-tay-thi-5-170x300.jpg 170w, https:\/\/traquantaman.vn\/wp-content\/uploads\/2023\/09\/bo-am-chen-tu-sa-nha-ha-tay-thi-5-580x1024.jpg 580w, https:\/\/traquantaman.vn\/wp-content\/uploads\/2023\/09\/bo-am-chen-tu-sa-nha-ha-tay-thi-5-600x1058.jpg 600w\" sizes=\"auto, (max-width: 750px) 100vw, 750px\" \/> <img loading=\"lazy\" decoding=\"async\" class=\"alignnone size-full wp-image-469\" src=\"https:\/\/traquantaman.vn\/wp-content\/uploads\/2023\/09\/bo-am-chen-tu-sa-nha-ha-tay-thi-8.jpg\" alt=\"\" width=\"750\" height=\"1326\" srcset=\"https:\/\/traquantaman.vn\/wp-content\/uploads\/2023\/09\/bo-am-chen-tu-sa-nha-ha-tay-thi-8.jpg 750w, https:\/\/traquantaman.vn\/wp-content\/uploads\/2023\/09\/bo-am-chen-tu-sa-nha-ha-tay-thi-8-170x300.jpg 170w, https:\/\/traquantaman.vn\/wp-content\/uploads\/2023\/09\/bo-am-chen-tu-sa-nha-ha-tay-thi-8-579x1024.jpg 579w, https:\/\/traquantaman.vn\/wp-content\/uploads\/2023\/09\/bo-am-chen-tu-sa-nha-ha-tay-thi-8-600x1061.jpg 600w\" sizes=\"auto, (max-width: 750px) 100vw, 750px\" \/> <img loading=\"lazy\" decoding=\"async\" class=\"alignnone size-full wp-image-461\" src=\"https:\/\/traquantaman.vn\/wp-content\/uploads\/2023\/09\/bo-am-chen-tu-sa-nha-ha-tay-thi.jpg\" alt=\"\" width=\"750\" height=\"1327\" srcset=\"https:\/\/traquantaman.vn\/wp-content\/uploads\/2023\/09\/bo-am-chen-tu-sa-nha-ha-tay-thi.jpg 750w, https:\/\/traquantaman.vn\/wp-content\/uploads\/2023\/09\/bo-am-chen-tu-sa-nha-ha-tay-thi-170x300.jpg 170w, https:\/\/traquantaman.vn\/wp-content\/uploads\/2023\/09\/bo-am-chen-tu-sa-nha-ha-tay-thi-579x1024.jpg 579w, https:\/\/traquantaman.vn\/wp-content\/uploads\/2023\/09\/bo-am-chen-tu-sa-nha-ha-tay-thi-600x1062.jpg 600w\" sizes=\"auto, (max-width: 750px) 100vw, 750px\" \/> <img loading=\"lazy\" decoding=\"async\" class=\"alignnone size-full wp-image-464\" src=\"https:\/\/traquantaman.vn\/wp-content\/uploads\/2023\/09\/bo-am-chen-tu-sa-nha-ha-tay-thi-3.jpg\" alt=\"\" width=\"750\" height=\"1473\" srcset=\"https:\/\/traquantaman.vn\/wp-content\/uploads\/2023\/09\/bo-am-chen-tu-sa-nha-ha-tay-thi-3.jpg 750w, https:\/\/traquantaman.vn\/wp-content\/uploads\/2023\/09\/bo-am-chen-tu-sa-nha-ha-tay-thi-3-153x300.jpg 153w, https:\/\/traquantaman.vn\/wp-content\/uploads\/2023\/09\/bo-am-chen-tu-sa-nha-ha-tay-thi-3-521x1024.jpg 521w, https:\/\/traquantaman.vn\/wp-content\/uploads\/2023\/09\/bo-am-chen-tu-sa-nha-ha-tay-thi-3-600x1178.jpg 600w\" sizes=\"auto, (max-width: 750px) 100vw, 750px\" \/> <img loading=\"lazy\" decoding=\"async\" class=\"alignnone size-full wp-image-470\" src=\"https:\/\/traquantaman.vn\/wp-content\/uploads\/2023\/09\/bo-am-chen-tu-sa-nha-ha-tay-thi-9.jpg\" alt=\"\" width=\"750\" height=\"1449\" srcset=\"https:\/\/traquantaman.vn\/wp-content\/uploads\/2023\/09\/bo-am-chen-tu-sa-nha-ha-tay-thi-9.jpg 750w, https:\/\/traquantaman.vn\/wp-content\/uploads\/2023\/09\/bo-am-chen-tu-sa-nha-ha-tay-thi-9-155x300.jpg 155w, https:\/\/traquantaman.vn\/wp-content\/uploads\/2023\/09\/bo-am-chen-tu-sa-nha-ha-tay-thi-9-530x1024.jpg 530w, https:\/\/traquantaman.vn\/wp-content\/uploads\/2023\/09\/bo-am-chen-tu-sa-nha-ha-tay-thi-9-600x1159.jpg 600w\" sizes=\"auto, (max-width: 750px) 100vw, 750px\" \/> <img loading=\"lazy\" decoding=\"async\" class=\"alignnone size-full wp-image-467\" src=\"https:\/\/traquantaman.vn\/wp-content\/uploads\/2023\/09\/bo-am-chen-tu-sa-nha-ha-tay-thi-6.jpg\" alt=\"\" width=\"750\" height=\"533\" srcset=\"https:\/\/traquantaman.vn\/wp-content\/uploads\/2023\/09\/bo-am-chen-tu-sa-nha-ha-tay-thi-6.jpg 750w, https:\/\/traquantaman.vn\/wp-content\/uploads\/2023\/09\/bo-am-chen-tu-sa-nha-ha-tay-thi-6-300x213.jpg 300w, https:\/\/traquantaman.vn\/wp-content\/uploads\/2023\/09\/bo-am-chen-tu-sa-nha-ha-tay-thi-6-600x426.jpg 600w\" sizes=\"auto, (max-width: 750px) 100vw, 750px\" \/> <img loading=\"lazy\" decoding=\"async\" class=\"alignnone size-full wp-image-474\" src=\"https:\/\/traquantaman.vn\/wp-content\/uploads\/2023\/09\/bo-am-chen-tu-sa-nha-ha-tay-thi-13.jpg\" alt=\"\" width=\"750\" height=\"946\" srcset=\"https:\/\/traquantaman.vn\/wp-content\/uploads\/2023\/09\/bo-am-chen-tu-sa-nha-ha-tay-thi-13.jpg 750w, https:\/\/traquantaman.vn\/wp-content\/uploads\/2023\/09\/bo-am-chen-tu-sa-nha-ha-tay-thi-13-238x300.jpg 238w, https:\/\/traquantaman.vn\/wp-content\/uploads\/2023\/09\/bo-am-chen-tu-sa-nha-ha-tay-thi-13-600x757.jpg 600w\" sizes=\"auto, (max-width: 750px) 100vw, 750px\" \/> <img loading=\"lazy\" decoding=\"async\" class=\"alignnone size-full wp-image-473\" src=\"https:\/\/traquantaman.vn\/wp-content\/uploads\/2023\/09\/bo-am-chen-tu-sa-nha-ha-tay-thi-12.jpg\" alt=\"\" width=\"750\" height=\"1034\" srcset=\"https:\/\/traquantaman.vn\/wp-content\/uploads\/2023\/09\/bo-am-chen-tu-sa-nha-ha-tay-thi-12.jpg 750w, https:\/\/traquantaman.vn\/wp-content\/uploads\/2023\/09\/bo-am-chen-tu-sa-nha-ha-tay-thi-12-218x300.jpg 218w, https:\/\/traquantaman.vn\/wp-content\/uploads\/2023\/09\/bo-am-chen-tu-sa-nha-ha-tay-thi-12-743x1024.jpg 743w, https:\/\/traquantaman.vn\/wp-content\/uploads\/2023\/09\/bo-am-chen-tu-sa-nha-ha-tay-thi-12-600x827.jpg 600w\" sizes=\"auto, (max-width: 750px) 100vw, 750px\" \/> <img loading=\"lazy\" decoding=\"async\" class=\"alignnone size-full wp-image-468\" src=\"https:\/\/traquantaman.vn\/wp-content\/uploads\/2023\/09\/bo-am-chen-tu-sa-nha-ha-tay-thi-7.jpg\" alt=\"\" width=\"750\" height=\"1002\" srcset=\"https:\/\/traquantaman.vn\/wp-content\/uploads\/2023\/09\/bo-am-chen-tu-sa-nha-ha-tay-thi-7.jpg 750w, https:\/\/traquantaman.vn\/wp-content\/uploads\/2023\/09\/bo-am-chen-tu-sa-nha-ha-tay-thi-7-225x300.jpg 225w, https:\/\/traquantaman.vn\/wp-content\/uploads\/2023\/09\/bo-am-chen-tu-sa-nha-ha-tay-thi-7-600x802.jpg 600w\" sizes=\"auto, (max-width: 750px) 100vw, 750px\" \/> <img loading=\"lazy\" decoding=\"async\" class=\"alignnone size-full wp-image-475\" src=\"https:\/\/traquantaman.vn\/wp-content\/uploads\/2023\/09\/bo-am-chen-tu-sa-nha-ha-tay-thi-14.jpg\" alt=\"\" width=\"750\" height=\"880\" srcset=\"https:\/\/traquantaman.vn\/wp-content\/uploads\/2023\/09\/bo-am-chen-tu-sa-nha-ha-tay-thi-14.jpg 750w, https:\/\/traquantaman.vn\/wp-content\/uploads\/2023\/09\/bo-am-chen-tu-sa-nha-ha-tay-thi-14-256x300.jpg 256w, https:\/\/traquantaman.vn\/wp-content\/uploads\/2023\/09\/bo-am-chen-tu-sa-nha-ha-tay-thi-14-600x704.jpg 600w\" sizes=\"auto, (max-width: 750px) 100vw, 750px\" \/> <img loading=\"lazy\" decoding=\"async\" class=\"alignnone size-full wp-image-472\" src=\"https:\/\/traquantaman.vn\/wp-content\/uploads\/2023\/09\/bo-am-chen-tu-sa-nha-ha-tay-thi-11.jpg\" alt=\"\" width=\"750\" height=\"803\" srcset=\"https:\/\/traquantaman.vn\/wp-content\/uploads\/2023\/09\/bo-am-chen-tu-sa-nha-ha-tay-thi-11.jpg 750w, https:\/\/traquantaman.vn\/wp-content\/uploads\/2023\/09\/bo-am-chen-tu-sa-nha-ha-tay-thi-11-280x300.jpg 280w, https:\/\/traquantaman.vn\/wp-content\/uploads\/2023\/09\/bo-am-chen-tu-sa-nha-ha-tay-thi-11-600x642.jpg 600w\" sizes=\"auto, (max-width: 750px) 100vw, 750px\" \/> <img loading=\"lazy\" decoding=\"async\" class=\"alignnone size-full wp-image-462\" src=\"https:\/\/traquantaman.vn\/wp-content\/uploads\/2023\/09\/bo-am-chen-tu-sa-nha-ha-tay-thi-1.jpg\" alt=\"\" width=\"750\" height=\"548\" srcset=\"https:\/\/traquantaman.vn\/wp-content\/uploads\/2023\/09\/bo-am-chen-tu-sa-nha-ha-tay-thi-1.jpg 750w, https:\/\/traquantaman.vn\/wp-content\/uploads\/2023\/09\/bo-am-chen-tu-sa-nha-ha-tay-thi-1-300x219.jpg 300w, https:\/\/traquantaman.vn\/wp-content\/uploads\/2023\/09\/bo-am-chen-tu-sa-nha-ha-tay-thi-1-600x438.jpg 600w\" sizes=\"auto, (max-width: 750px) 100vw, 750px\" \/> <img loading=\"lazy\" decoding=\"async\" class=\"alignnone size-full wp-image-463\" src=\"https:\/\/traquantaman.vn\/wp-content\/uploads\/2023\/09\/bo-am-chen-tu-sa-nha-ha-tay-thi-2.jpg\" alt=\"\" width=\"750\" height=\"1484\" srcset=\"https:\/\/traquantaman.vn\/wp-content\/uploads\/2023\/09\/bo-am-chen-tu-sa-nha-ha-tay-thi-2.jpg 750w, https:\/\/traquantaman.vn\/wp-content\/uploads\/2023\/09\/bo-am-chen-tu-sa-nha-ha-tay-thi-2-152x300.jpg 152w, https:\/\/traquantaman.vn\/wp-content\/uploads\/2023\/09\/bo-am-chen-tu-sa-nha-ha-tay-thi-2-518x1024.jpg 518w, https:\/\/traquantaman.vn\/wp-content\/uploads\/2023\/09\/bo-am-chen-tu-sa-nha-ha-tay-thi-2-600x1187.jpg 600w\" sizes=\"auto, (max-width: 750px) 100vw, 750px\" \/> <img loading=\"lazy\" decoding=\"async\" class=\"alignnone size-full wp-image-471\" src=\"https:\/\/traquantaman.vn\/wp-content\/uploads\/2023\/09\/bo-am-chen-tu-sa-nha-ha-tay-thi-10.jpg\" alt=\"\" width=\"750\" height=\"1056\" srcset=\"https:\/\/traquantaman.vn\/wp-content\/uploads\/2023\/09\/bo-am-chen-tu-sa-nha-ha-tay-thi-10.jpg 750w, https:\/\/traquantaman.vn\/wp-content\/uploads\/2023\/09\/bo-am-chen-tu-sa-nha-ha-tay-thi-10-213x300.jpg 213w, https:\/\/traquantaman.vn\/wp-content\/uploads\/2023\/09\/bo-am-chen-tu-sa-nha-ha-tay-thi-10-727x1024.jpg 727w, https:\/\/traquantaman.vn\/wp-content\/uploads\/2023\/09\/bo-am-chen-tu-sa-nha-ha-tay-thi-10-600x845.jpg 600w\" sizes=\"auto, (max-width: 750px) 100vw, 750px\" \/> <img loading=\"lazy\" decoding=\"async\" class=\"alignnone size-full wp-image-465\" src=\"https:\/\/traquantaman.vn\/wp-content\/uploads\/2023\/09\/bo-am-chen-tu-sa-nha-ha-tay-thi-4.jpg\" alt=\"\" width=\"750\" height=\"500\" srcset=\"https:\/\/traquantaman.vn\/wp-content\/uploads\/2023\/09\/bo-am-chen-tu-sa-nha-ha-tay-thi-4.jpg 750w, https:\/\/traquantaman.vn\/wp-content\/uploads\/2023\/09\/bo-am-chen-tu-sa-nha-ha-tay-thi-4-300x200.jpg 300w, https:\/\/traquantaman.vn\/wp-content\/uploads\/2023\/09\/bo-am-chen-tu-sa-nha-ha-tay-thi-4-600x400.jpg 600w\" sizes=\"auto, (max-width: 750px) 100vw, 750px\" \/><\/p>\n","protected":false},"excerpt":{"rendered":"<p><strong><span data-spm-anchor-id=\"a261y.7663282.module-desc.i0.47ce31a52lTJdU\">[T\u00ean s\u1ea3n ph\u1ea9m] B\u1ed9 \u1ea5m ch\u00e9n t\u1eed sa Nh\u00e3 H\u00e0 T\u00e2y Thi (m\u1ed9t \u1ea5m, hai ch\u00e9n)<\/span><\/strong><\/p>\n<p data-spm-anchor-id=\"a261y.7663282.module-desc.i1.47ce31a52lTJdU\"><strong><span data-spm-anchor-id=\"a261y.7663282.module-desc.i2.47ce31a52lTJdU\">[T\u00e1c gi\u1ea3] \u5434\u6587\u5f69 Ng\u00f4 V\u0103n Th\u1ea3i (Ngh\u1ec7 nh\u00e2n th\u1ee7 c\u00f4ng m\u1ef9 ngh\u1ec7 qu\u1ed1c gia)<\/span><\/strong><\/p>\n<p data-spm-anchor-id=\"a261y.7663282.module-desc.i1.47ce31a52lTJdU\"><strong><span>[Bao b\u00ec] Bao b\u00ec h\u1ed9p qu\u00e0 t\u1eb7ng<\/span><\/strong><\/p>\n<p data-spm-anchor-id=\"a261y.7663282.module-desc.i3.47ce31a52lTJdU\"><strong><span>[Tho\u00e1t n\u01b0\u1edbc] T\u1ed5 ong<\/span><\/strong><\/p>\n<p><strong><span>[Ch\u1ea5t li\u1ec7u] Nguy\u00ean Kho\u00e1ng \u0110\u1ea1i H\u1ed3ng B\u00e0o<\/span><\/strong><\/p>\n<p><strong><span>[Dung t\u00edch] \u1ea4m tr\u00e0: 240cc\u00b110cc Ch\u00e9n tr\u00e0: 50cc\u00b15cc<\/span><\/strong><\/p>\n<p><strong><span>[K\u00edch th\u01b0\u1edbc \u1ea5m] T\u1ed5ng \u0111\u01b0\u1eddng k\u00ednh : 13,5cm Mi\u1ec7ng \u1ea5m: 6,1cm T\u1ed5ng chi\u1ec1u cao: 7,7cm<\/span><\/strong><\/p>\n<p><strong>[Ch\u1ebf t\u00e1c] Th\u1ee7 c\u00f4ng<\/strong><\/p>\n<p><strong><span>[Gi\u1edbi thi\u1ec7u] Chi\u1ebfc \u1ea5m n\u00e0y vu\u00f4ng v\u1eafn, ch\u1eafc ch\u1eafn, to\u00e0n th\u00e2n \u0111\u1ec1u to\u00e1t n\u00ean v\u1ebb thanh tho\u00e1t. Th\u00e2n \u1ea5m c\u00f3 h\u00ecnh tr\u00f2n, \u0111\u01b0\u1eddng n\u00e9t kh\u1ecfe kho\u1eafn, \u0111\u01a1n gi\u1ea3n, nh\u1eb9 nh\u00e0ng v\u00e0 t\u1ef7 l\u1ec7 h\u00e0i h\u00f2a. B\u1ee5ng \u1ea5m \u0111\u1ea7y \u0111\u1eb7n, n\u01b0\u1edbc t\u1eeb v\u00f2i ch\u1ea3y ra m\u1ea1nh m\u1ebd, r\u1ea5t thi\u1ebft th\u1ef1c v\u00e0 ti\u1ec7n l\u1ee3i.<\/span><\/strong><br \/>\n<strong><span>V\u1edbi h\u00ecnh v\u1ebd tay hoa sen trong tr\u1ebbo t\u01b0\u01a1i m\u00e1t l\u00e0m \u0111i\u1ec3m nh\u1ea5n, chi\u1ebfc \u1ea5m \u0111em l\u1ea1i cho ng\u01b0\u1eddi s\u1eed d\u1ee5ng c\u1ea3m gi\u00e1c th\u01b0 th\u00e1i v\u00e0 d\u1ec5 ch\u1ecbu cho tinh th\u1ea7n.\u00a0 M\u1ed9t \u0111i\u1ec3m n\u1ed5i b\u1eadt n\u1eefa l\u00e0 n\u00f3 \u0111\u01b0\u1ee3c trang tr\u00ed h\u00ecnh c\u00e1 v\u00e0ng nh\u1ea3y, c\u00e1c chi ti\u1ebft r\u1ea5t ch\u00e2n th\u1ef1c v\u00e0 ng\u00e2y th\u01a1, c\u00f3 th\u1ec3 mi\u00eau t\u1ea3 l\u00e0 \u201ct\u01b0\u01a1i m\u1edbi v\u00e0 th\u00fa v\u1ecb\u201d.<\/span><\/strong><\/p>\n","protected":false},"featured_media":457,"comment_status":"open","ping_status":"closed","template":"","meta":[],"product_cat":[18,24],"product_tag":[],"class_list":{"0":"post-456","1":"product","2":"type-product","3":"status-publish","4":"has-post-thumbnail","6":"product_cat-bo-am-chen","7":"product_cat-bo-am-chen-tu-sa","9":"first","10":"instock","11":"shipping-taxable","12":"purchasable","13":"product-type-simple"},"_links":{"self":[{"href":"https:\/\/traquantaman.vn\/index.php\/wp-json\/wp\/v2\/product\/456","targetHints":{"allow":["GET"]}}],"collection":[{"href":"https:\/\/traquantaman.vn\/index.php\/wp-json\/wp\/v2\/product"}],"about":[{"href":"https:\/\/traquantaman.vn\/index.php\/wp-json\/wp\/v2\/types\/product"}],"replies":[{"embeddable":true,"href":"https:\/\/traquantaman.vn\/index.php\/wp-json\/wp\/v2\/comments?post=456"}],"wp:featuredmedia":[{"embeddable":true,"href":"https:\/\/traquantaman.vn\/index.php\/wp-json\/wp\/v2\/media\/457"}],"wp:attachment":[{"href":"https:\/\/traquantaman.vn\/index.php\/wp-json\/wp\/v2\/media?parent=456"}],"wp:term":[{"taxonomy":"product_cat","embeddable":true,"href":"https:\/\/traquantaman.vn\/index.php\/wp-json\/wp\/v2\/product_cat?post=456"},{"taxonomy":"product_tag","embeddable":true,"href":"https:\/\/traquantaman.vn\/index.php\/wp-json\/wp\/v2\/product_tag?post=456"}],"curies":[{"name":"wp","href":"https:\/\/api.w.org\/{rel}","templated":true}]}}