{"id":1021,"date":"2023-11-07T15:07:07","date_gmt":"2023-11-07T08:07:07","guid":{"rendered":"https:\/\/traquantaman.vn\/?post_type=product&#038;p=1021"},"modified":"2024-10-09T12:27:18","modified_gmt":"2024-10-09T05:27:18","slug":"tra-den-van-nam-nang-do-2021-muc-tu-100g","status":"publish","type":"product","link":"https:\/\/traquantaman.vn\/index.php\/product\/tra-den-van-nam-nang-do-2021-muc-tu-100g\/","title":{"rendered":"Tr\u00e0 \u0111en V\u00e2n Nam N\u1eafng \u0110\u1ecf 2021 \u2013 M\u1ee5c T\u1eed \u2013 100g"},"content":{"rendered":"","protected":false},"excerpt":{"rendered":"<p><strong>[Th\u01b0\u01a1ng hi\u1ec7u]: M\u1ee5c t\u1eed<\/strong><\/p>\n<p><strong>[Quy tr\u00ecnh s\u1ea3n xu\u1ea5t]: <span class=\"\" data-spm-anchor-id=\"a261y.7663282.module-desc.i6.451d3c5dSugNAL\">Ph\u01a1i n\u1eafng theo quy tr\u00ecnh Dianhong<\/span><\/strong><\/p>\n<p><strong>[N\u0103m s\u1ea3n xu\u1ea5t]:<span class=\"\"> \u1ee6 tr\u00e0 2021, \u0111\u00f3ng g\u00f3i 2023<\/span><\/strong><\/p>\n<p><strong>[Quy c\u00e1ch]: \u0110\u00f3ng b\u00e1nh 100gr<\/strong><\/p>\n<p><strong>[Gi\u1ea5y ph\u00e9p s\u1ea3n xu\u1ea5t] SC11453011119542<\/strong><\/p>\n<p><strong>[Nguy\u00ean li\u1ec7u]: Tr\u00e0 n\u1eafng \u0111\u1ecf<span class=\"\">\u00a0l\u00e0\u00a0<\/span><span class=\"\">m\u1ed9t lo\u1ea1i tr\u00e0 \u0111en truy\u1ec1n th\u1ed1ng c\u1ee7a V\u00e2n Nam c\u00f3 l\u1ecbch s\u1eed \u00edt nh\u1ea5t h\u01a1n m\u1ed9t tr\u0103m n\u0103m, c\u00f4ng ngh\u1ec7 c\u1ee7a n\u00f3 ban \u0111\u1ea7u l\u00e0 s\u1ef1 k\u1ebft h\u1ee3p gi\u1eefa k\u1ef9 thu\u1eadt ph\u01a1i n\u1eafng tr\u00e0 xanh v\u00e0 tr\u00e0 tr\u1eafng theo m\u1ed9t quy tr\u00ecnh \u0111\u1eb7c bi\u1ec7t.<\/span> <span class=\"\" data-spm-anchor-id=\"a261y.7663282.module-desc.i6.451d3c5dSugNAL\">\u0110\u00e1nh \u0111\u1ed5 s\u1ef1 hi\u1ec3u bi\u1ebft c\u1ee7a b\u1ea1n, v\u1edbi h\u01b0\u01a1ng th\u01a1m ph\u01a1i n\u1eafng, th\u01a1m nh\u01b0ng kh\u00f4ng b\u00e9o ng\u1eady, n\u01b0\u1edbc tr\u00e0 c\u00f3 h\u01b0\u01a1ng hoa \u0111\u1eadm \u0111\u00e0, tr\u00e0 c\u00f3 t\u00ednh ch\u1ea5t d\u1ecbu nh\u1eb9, kh\u00f4ng b\u1ecb kh\u00f4 v\u00e0 n\u00f3ng, c\u00e0ng \u0111\u1eadm \u0111\u00e0 c\u00e0ng gi\u00e0 c\u00e0ng ng\u1ecdt ng\u00e0o.<\/span><\/strong><\/p>\n<p><strong>[Xu\u1ea5t x\u1ee9]:\u00a0 V\u00e2n Nam<\/strong><\/p>\n","protected":false},"featured_media":1022,"comment_status":"open","ping_status":"closed","template":"","meta":[],"product_cat":[42,31,21],"product_tag":[],"class_list":{"0":"post-1021","1":"product","2":"type-product","3":"status-publish","4":"has-post-thumbnail","6":"product_cat-muc-tu-chat-luong-va-gia-tot","7":"product_cat-tra-pho-nhi","8":"product_cat-tra-hao-hang","10":"first","11":"instock","12":"shipping-taxable","13":"purchasable","14":"product-type-simple"},"_links":{"self":[{"href":"https:\/\/traquantaman.vn\/index.php\/wp-json\/wp\/v2\/product\/1021","targetHints":{"allow":["GET"]}}],"collection":[{"href":"https:\/\/traquantaman.vn\/index.php\/wp-json\/wp\/v2\/product"}],"about":[{"href":"https:\/\/traquantaman.vn\/index.php\/wp-json\/wp\/v2\/types\/product"}],"replies":[{"embeddable":true,"href":"https:\/\/traquantaman.vn\/index.php\/wp-json\/wp\/v2\/comments?post=1021"}],"wp:featuredmedia":[{"embeddable":true,"href":"https:\/\/traquantaman.vn\/index.php\/wp-json\/wp\/v2\/media\/1022"}],"wp:attachment":[{"href":"https:\/\/traquantaman.vn\/index.php\/wp-json\/wp\/v2\/media?parent=1021"}],"wp:term":[{"taxonomy":"product_cat","embeddable":true,"href":"https:\/\/traquantaman.vn\/index.php\/wp-json\/wp\/v2\/product_cat?post=1021"},{"taxonomy":"product_tag","embeddable":true,"href":"https:\/\/traquantaman.vn\/index.php\/wp-json\/wp\/v2\/product_tag?post=1021"}],"curies":[{"name":"wp","href":"https:\/\/api.w.org\/{rel}","templated":true}]}}